{"id":6568,"date":"2025-05-06T12:49:10","date_gmt":"2025-05-06T10:49:10","guid":{"rendered":"https:\/\/agritechcenter.it\/call-for-ideas\/"},"modified":"2026-01-21T10:14:11","modified_gmt":"2026-01-21T09:14:11","slug":"call-for-ideas","status":"publish","type":"page","link":"https:\/\/agritechcenter.it\/it\/call-for-ideas\/","title":{"rendered":"Call for Ideas"},"content":{"rendered":"\t\t<div data-elementor-type=\"wp-page\" data-elementor-id=\"6568\" class=\"elementor elementor-6568 elementor-6525\" data-elementor-post-type=\"page\">\n\t\t\t\t<div class=\"elementor-element elementor-element-876fd5e e-flex e-con-boxed e-con e-parent\" data-id=\"876fd5e\" data-element_type=\"container\" data-e-type=\"container\">\n\t\t\t\t\t<div class=\"e-con-inner\">\n\t\t\t\t<div class=\"elementor-element elementor-element-9557e5d elementor-widget elementor-widget-heading\" data-id=\"9557e5d\" data-element_type=\"widget\" data-e-type=\"widget\" data-widget_type=\"heading.default\">\n\t\t\t\t<div class=\"elementor-widget-container\">\n\t\t\t\t\t<h2 class=\"elementor-heading-title elementor-size-default\">GROW FORWARD<\/h2>\t\t\t\t<\/div>\n\t\t\t\t<\/div>\n\t\t\t\t<div class=\"elementor-element elementor-element-77bac2c elementor-widget elementor-widget-text-editor\" data-id=\"77bac2c\" data-element_type=\"widget\" data-e-type=\"widget\" data-widget_type=\"text-editor.default\">\n\t\t\t\t<div class=\"elementor-widget-container\">\n\t\t\t\t\t\t\t\t\t<div data-id=\"16d1225\" data-element_type=\"widget\" data-widget_type=\"heading.default\">\n<div data-id=\"16d1225\" data-element_type=\"widget\" data-widget_type=\"heading.default\">\n<h6><strong style=\"color: #3fa8f4; font-family: inherit; font-size: 24px; font-style: inherit;\">Grande successo per GROW FORWARD!<span style=\"font-size: inherit; font-family: -apple-system, system-ui, BlinkMacSystemFont, 'Segoe UI', Helvetica, Arial, sans-serif, 'Apple Color Emoji', 'Segoe UI Emoji', 'Segoe UI Symbol';\"><br><\/span><\/strong><\/h6>\n<p><span style=\"color: #000000;\"><strong style=\"font-family: inherit; font-size: 24px; font-style: inherit;\"><span style=\"font-size: inherit; font-family: -apple-system, system-ui, BlinkMacSystemFont, 'Segoe UI', Helvetica, Arial, sans-serif, 'Apple Color Emoji', 'Segoe UI Emoji', 'Segoe UI Symbol';\">Molte le proposte ricevute, sviluppate con entusiasmo e caratterizzate da un forte potenziale innovativo.<\/span><\/strong><\/span><\/p>\n<div data-id=\"16d1225\" data-element_type=\"widget\" data-widget_type=\"heading.default\">\n<p>La <b>Call for Ideas<\/b> <b>GROW FORWARD<\/b> si \u00e8 conclusa con risultati eccezionali che testimoniano la vitalit\u00e0 e l&#8217;innovazione del settore agritech italiano. La risposta della comunit\u00e0 scientifica e imprenditoriale ha superato le aspettative, con circa <b>60 candidature<\/b> ricevute. <\/p>\n<\/div>\n<p><strong>Grow Forward<\/strong> \u00e8 la <em><strong>call for ideas<\/strong><\/em> che offre l\u2019opportunit\u00e0 di trasformare la tua idea agritech in un\u2019impresa di successo. Accelera la tua crescita con il nostro programma di supporto completo, che include mentoring, formazione, networking e accesso a investitori. <\/p>\n<div>\n<p>La \u201cCall for Ideas\u201d \u00e8 terminata il 12 settembre 2025. L&#8217;ultima sessione \u00e8 partita il 28 ottobre e&nbsp; terminata il 7 novembre 2025.<br>Sono disponibili gli <strong>esiti della valutazione gi\u00e0 pubblicati nella sezione<\/strong> <a href=\"https:\/\/agritechcenter.it\/it\/amministrazione-trasparente\/\"><strong>Amministrazione trasparente<\/strong><\/a>: <\/p>\n<p><a href=\"https:\/\/agritechcenter.it\/wp-content\/uploads\/2025\/08\/20250805-risultati-I-wave-Call-for-Ideas.pdf\"><strong>Elenco Progetti ammessi prima sessione<\/strong><\/a><\/p>\n<p><a href=\"https:\/\/agritechcenter.it\/wp-content\/uploads\/2025\/10\/20251001-risultati-II-wave-Call-for-Ideas.pdf\"><strong>Elenco Progetti ammessi<\/strong>&nbsp;<strong>seconda sessione<\/strong><\/a><\/p>\n<p><a href=\"https:\/\/agritechcenter.it\/wp-content\/uploads\/2026\/01\/20260120-risultati-III-wave-Call-for-Ideas.pdf\"><strong>Elenco Progetti ammessi terza sessione<\/strong><\/a><\/p>\n<p><b>Ringraziamo tutti coloro che hanno partecipato con entusiasmo a questa importante iniziativa del Centro Nazionale Agritech.<\/b><\/p>\n<\/div>\n<\/div>\n<\/div>\t\t\t\t\t\t\t\t<\/div>\n\t\t\t\t<\/div>\n\t\t\t\t\t<\/div>\n\t\t\t\t<\/div>\n\t\t<div class=\"elementor-element elementor-element-41b8fc5 e-flex e-con-boxed e-con e-parent\" data-id=\"41b8fc5\" data-element_type=\"container\" data-e-type=\"container\">\n\t\t\t\t\t<div class=\"e-con-inner\">\n\t\t\t\t<div class=\"elementor-element elementor-element-c1d5212 elementor-widget elementor-widget-text-editor\" data-id=\"c1d5212\" data-element_type=\"widget\" data-e-type=\"widget\" data-widget_type=\"text-editor.default\">\n\t\t\t\t<div class=\"elementor-widget-container\">\n\t\t\t\t\t\t\t\t\t<div class=\"elementor-element elementor-element-16d1225 elementor-widget elementor-widget-heading\" data-id=\"16d1225\" data-element_type=\"widget\" data-widget_type=\"heading.default\"><div class=\"elementor-widget-container\"><h4 class=\"elementor-heading-title elementor-size-default\">Il progetto<\/h4><\/div><\/div><div class=\"elementor-element elementor-element-41857c9 elementor-widget elementor-widget-text-editor\" data-id=\"41857c9\" data-element_type=\"widget\" data-widget_type=\"text-editor.default\"><div class=\"elementor-widget-container\"><p>Nell\u2019ambito del programma di ricerca, innovazione e trasferimento tecnologico finanziato dal PNRR, il <strong>Centro Nazionale di Ricerca Agritech<\/strong> ha inteso dotarsi di un servizio di consulenza specialistica altamente qualificata connessa ad attivit\u00e0 di trasferimento tecnologico per mezzo di accelerazione di startup operanti in ambito agritech e selezionate dal Centro.<\/p><p><strong>Entopan Innovation<\/strong>,<strong> Wish Innovation<\/strong>,<strong> S.T.A.M.P.A.<\/strong>,<strong> Next4Production<\/strong> e<strong> BF Educational<\/strong> sono gli operatori selezionati per fornire tali servizi.<\/p><p>L\u2019obiettivo del progetto di innovare e sostenere il settore agroalimentare italiano ha dato vita anche alla collaborazione strategica tra il <strong>Centro Nazionale di Ricerca Agritech<\/strong> e<strong> Farming Future<\/strong>.<\/p><p><b>Farming Future<\/b> \u00e8 il<b> Polo Nazionale di Trasferimento Tecnologico<\/b> dedicato all&#8217;AgriFood Tech, nato su iniziativa di <b>CDP Venture Capital <\/b>in collaborazione con<b> ToSeed &amp; Partners<\/b>. La sua missione si differenzia per il sostegno e la guida strategica nel trasformare le innovazioni pi\u00f9 rivoluzionarie sviluppate dagli scienziati italiani in leader di mercato globali nel campo dell\u2019<strong>Agrifood tech<\/strong>. <\/p><\/div><\/div>\t\t\t\t\t\t\t\t<\/div>\n\t\t\t\t<\/div>\n\t\t\t\t\t<\/div>\n\t\t\t\t<\/div>\n\t\t<div class=\"elementor-element elementor-element-80df62b e-flex e-con-boxed e-con e-parent\" data-id=\"80df62b\" data-element_type=\"container\" data-e-type=\"container\">\n\t\t\t\t\t<div class=\"e-con-inner\">\n\t\t<div class=\"elementor-element elementor-element-5c72917 e-grid e-con-full e-con e-child\" data-id=\"5c72917\" data-element_type=\"container\" data-e-type=\"container\">\n\t\t\t\t<div class=\"elementor-element elementor-element-d76cb4c elementor-widget elementor-widget-image\" data-id=\"d76cb4c\" data-element_type=\"widget\" data-e-type=\"widget\" data-widget_type=\"image.default\">\n\t\t\t\t<div class=\"elementor-widget-container\">\n\t\t\t\t\t\t\t\t\t\t\t\t\t\t\t<img decoding=\"async\" width=\"300\" height=\"101\" src=\"https:\/\/agritechcenter.it\/wp-content\/uploads\/2025\/05\/FF_logo_verde-300x101.png\" class=\"attachment-medium size-medium wp-image-6585\" alt=\"\" srcset=\"https:\/\/agritechcenter.it\/wp-content\/uploads\/2025\/05\/FF_logo_verde-300x101.png 300w, https:\/\/agritechcenter.it\/wp-content\/uploads\/2025\/05\/FF_logo_verde-1024x343.png 1024w, https:\/\/agritechcenter.it\/wp-content\/uploads\/2025\/05\/FF_logo_verde-768x257.png 768w, https:\/\/agritechcenter.it\/wp-content\/uploads\/2025\/05\/FF_logo_verde-1536x515.png 1536w, https:\/\/agritechcenter.it\/wp-content\/uploads\/2025\/05\/FF_logo_verde-2048x686.png 2048w\" sizes=\"(max-width: 300px) 100vw, 300px\" \/>\t\t\t\t\t\t\t\t\t\t\t\t\t\t\t<\/div>\n\t\t\t\t<\/div>\n\t\t\t\t<div class=\"elementor-element elementor-element-7c19dea elementor-widget elementor-widget-image\" data-id=\"7c19dea\" data-element_type=\"widget\" data-e-type=\"widget\" data-widget_type=\"image.default\">\n\t\t\t\t<div class=\"elementor-widget-container\">\n\t\t\t\t\t\t\t\t\t\t\t\t\t\t\t<img decoding=\"async\" width=\"300\" height=\"110\" src=\"https:\/\/agritechcenter.it\/wp-content\/uploads\/2025\/05\/to-seed_logo-300x110.png\" class=\"attachment-medium size-medium wp-image-6531\" alt=\"\" srcset=\"https:\/\/agritechcenter.it\/wp-content\/uploads\/2025\/05\/to-seed_logo-300x110.png 300w, https:\/\/agritechcenter.it\/wp-content\/uploads\/2025\/05\/to-seed_logo-1024x375.png 1024w, https:\/\/agritechcenter.it\/wp-content\/uploads\/2025\/05\/to-seed_logo-768x281.png 768w, https:\/\/agritechcenter.it\/wp-content\/uploads\/2025\/05\/to-seed_logo.png 1231w\" sizes=\"(max-width: 300px) 100vw, 300px\" \/>\t\t\t\t\t\t\t\t\t\t\t\t\t\t\t<\/div>\n\t\t\t\t<\/div>\n\t\t\t\t<\/div>\n\t\t\t\t\t<\/div>\n\t\t\t\t<\/div>\n\t\t<div class=\"elementor-element elementor-element-f497c70 e-flex e-con-boxed e-con e-parent\" data-id=\"f497c70\" data-element_type=\"container\" data-e-type=\"container\">\n\t\t\t\t\t<div class=\"e-con-inner\">\n\t\t\t\t<div class=\"elementor-element elementor-element-16abbe3 elementor-widget elementor-widget-text-editor\" data-id=\"16abbe3\" data-element_type=\"widget\" data-e-type=\"widget\" data-widget_type=\"text-editor.default\">\n\t\t\t\t<div class=\"elementor-widget-container\">\n\t\t\t\t\t\t\t\t\t<div class=\"elementor-element elementor-element-16d1225 elementor-widget elementor-widget-heading\" data-id=\"16d1225\" data-element_type=\"widget\" data-widget_type=\"heading.default\"><div class=\"elementor-widget-container\"><h2 class=\"elementor-heading-title elementor-size-default\">Call for Ideas<\/h2><\/div><\/div><div class=\"elementor-element elementor-element-41857c9 elementor-widget elementor-widget-text-editor\" data-id=\"41857c9\" data-element_type=\"widget\" data-widget_type=\"text-editor.default\"><div class=\"elementor-widget-container\"><p><strong><br>Call for Ideas<\/strong> intende intercettare<strong> idee, progetti, startup innovative e PMI<\/strong> che possano contribuire all\u2019evoluzione del settore agritech e all\u2019adozione di tecnologie avanzate.<\/p><p>In particolare, si mira a selezionare fino a <strong>30 progetti<\/strong>, in pi\u00f9 round di selezione, che parteciperanno a un percorso di accelerazione calibrato sul grado di maturit\u00e0 dell\u2019idea imprenditoriale.<\/p><p>In particolare, la <strong>Call for ideas<\/strong> \u00e8 aperta a:<\/p><\/div><\/div>\t\t\t\t\t\t\t\t<\/div>\n\t\t\t\t<\/div>\n\t\t<div class=\"elementor-element elementor-element-d6231c2 e-grid e-con-full e-con e-child\" data-id=\"d6231c2\" data-element_type=\"container\" data-e-type=\"container\">\n\t\t\t\t<div class=\"elementor-element elementor-element-e827398 elementor-widget elementor-widget-text-editor\" data-id=\"e827398\" data-element_type=\"widget\" data-e-type=\"widget\" data-widget_type=\"text-editor.default\">\n\t\t\t\t<div class=\"elementor-widget-container\">\n\t\t\t\t\t\t\t\t\t<p><strong>Ricercatori, dottorandi e docenti<\/strong><\/p><p>Interessati a trasformare i risultati della propria ricerca in iniziative imprenditoriali.<\/p>\t\t\t\t\t\t\t\t<\/div>\n\t\t\t\t<\/div>\n\t\t\t\t<div class=\"elementor-element elementor-element-72f6af2 elementor-widget elementor-widget-text-editor\" data-id=\"72f6af2\" data-element_type=\"widget\" data-e-type=\"widget\" data-widget_type=\"text-editor.default\">\n\t\t\t\t<div class=\"elementor-widget-container\">\n\t\t\t\t\t\t\t\t\t<p><strong>Team imprenditoriali (non ancora costituiti)<\/strong><\/p><p>con idee fortemente orientate a soluzioni tecnologiche, sostenibili e di mercato in ambito agritech.<\/p>\t\t\t\t\t\t\t\t<\/div>\n\t\t\t\t<\/div>\n\t\t\t\t<div class=\"elementor-element elementor-element-edc3430 elementor-widget elementor-widget-text-editor\" data-id=\"edc3430\" data-element_type=\"widget\" data-e-type=\"widget\" data-widget_type=\"text-editor.default\">\n\t\t\t\t<div class=\"elementor-widget-container\">\n\t\t\t\t\t\t\t\t\t<p><strong>Startup innovative e spin-off dalla ricerca<\/strong><\/p><p>Imprese gi\u00e0 costituite con soluzioni innovative nel settore agritech e e nelle tecnologie per l\u2019agricoltura.<\/p>\t\t\t\t\t\t\t\t<\/div>\n\t\t\t\t<\/div>\n\t\t\t\t<div class=\"elementor-element elementor-element-514941f elementor-widget elementor-widget-text-editor\" data-id=\"514941f\" data-element_type=\"widget\" data-e-type=\"widget\" data-widget_type=\"text-editor.default\">\n\t\t\t\t<div class=\"elementor-widget-container\">\n\t\t\t\t\t\t\t\t\t<p><strong>Imprese di qualsiasi dimensione<\/strong><\/p><p>che intendono sviluppare nuovi progetti ad alto contenuto tecnologico e innovativo.<\/p>\t\t\t\t\t\t\t\t<\/div>\n\t\t\t\t<\/div>\n\t\t\t\t<\/div>\n\t\t\t\t\t<\/div>\n\t\t\t\t<\/div>\n\t\t\t\t<\/div>\n\t\t","protected":false},"excerpt":{"rendered":"<p>GROW FORWARD Grande successo per GROW FORWARD! Molte le proposte ricevute, sviluppate con entusiasmo e caratterizzate da un forte potenziale innovativo. La Call for Ideas GROW FORWARD si \u00e8 conclusa con risultati eccezionali che testimoniano la vitalit\u00e0 e l&#8217;innovazione del settore agritech italiano. La risposta della comunit\u00e0 scientifica e imprenditoriale ha superato le aspettative, con &#8230; <a title=\"Call for Ideas\" class=\"read-more\" href=\"https:\/\/agritechcenter.it\/it\/call-for-ideas\/\" aria-label=\"Per saperne di pi\u00f9 su Call for Ideas\">Leggi tutto<\/a><\/p>\n","protected":false},"author":2,"featured_media":0,"parent":0,"menu_order":0,"comment_status":"closed","ping_status":"closed","template":"","meta":{"_acf_changed":false,"footnotes":""},"class_list":["post-6568","page","type-page","status-publish"],"acf":[],"yoast_head":"<!-- This site is optimized with the Yoast SEO plugin v27.0 - https:\/\/yoast.com\/product\/yoast-seo-wordpress\/ -->\n<title>Call for Ideas - Agritech Center<\/title>\n<meta name=\"robots\" content=\"index, follow, max-snippet:-1, max-image-preview:large, max-video-preview:-1\" \/>\n<link rel=\"canonical\" href=\"https:\/\/agritechcenter.it\/it\/call-for-ideas\/\" \/>\n<meta property=\"og:locale\" content=\"it_IT\" \/>\n<meta property=\"og:type\" content=\"article\" \/>\n<meta property=\"og:title\" content=\"Call for Ideas - Agritech Center\" \/>\n<meta property=\"og:description\" content=\"GROW FORWARD Grande successo per GROW FORWARD! Molte le proposte ricevute, sviluppate con entusiasmo e caratterizzate da un forte potenziale innovativo. La Call for Ideas GROW FORWARD si \u00e8 conclusa con risultati eccezionali che testimoniano la vitalit\u00e0 e l&#8217;innovazione del settore agritech italiano. La risposta della comunit\u00e0 scientifica e imprenditoriale ha superato le aspettative, con ... Leggi tutto\" \/>\n<meta property=\"og:url\" content=\"https:\/\/agritechcenter.it\/it\/call-for-ideas\/\" \/>\n<meta property=\"og:site_name\" content=\"Agritech Center\" \/>\n<meta property=\"article:modified_time\" content=\"2026-01-21T09:14:11+00:00\" \/>\n<meta property=\"og:image\" content=\"https:\/\/agritechcenter.it\/wp-content\/uploads\/2025\/05\/FF_logo_verde.png\" \/>\n\t<meta property=\"og:image:width\" content=\"2518\" \/>\n\t<meta property=\"og:image:height\" content=\"844\" \/>\n\t<meta property=\"og:image:type\" content=\"image\/png\" \/>\n<meta name=\"twitter:card\" content=\"summary_large_image\" \/>\n<meta name=\"twitter:label1\" content=\"Tempo di lettura stimato\" \/>\n\t<meta name=\"twitter:data1\" content=\"4 minuti\" \/>\n<script type=\"application\/ld+json\" class=\"yoast-schema-graph\">{\"@context\":\"https:\/\/schema.org\",\"@graph\":[{\"@type\":\"WebPage\",\"@id\":\"https:\/\/agritechcenter.it\/it\/call-for-ideas\/\",\"url\":\"https:\/\/agritechcenter.it\/it\/call-for-ideas\/\",\"name\":\"Call for Ideas - Agritech Center\",\"isPartOf\":{\"@id\":\"https:\/\/agritechcenter.it\/#website\"},\"primaryImageOfPage\":{\"@id\":\"https:\/\/agritechcenter.it\/it\/call-for-ideas\/#primaryimage\"},\"image\":{\"@id\":\"https:\/\/agritechcenter.it\/it\/call-for-ideas\/#primaryimage\"},\"thumbnailUrl\":\"https:\/\/agritechcenter.it\/wp-content\/uploads\/2025\/05\/FF_logo_verde-300x101.png\",\"datePublished\":\"2025-05-06T10:49:10+00:00\",\"dateModified\":\"2026-01-21T09:14:11+00:00\",\"breadcrumb\":{\"@id\":\"https:\/\/agritechcenter.it\/it\/call-for-ideas\/#breadcrumb\"},\"inLanguage\":\"it-IT\",\"potentialAction\":[{\"@type\":\"ReadAction\",\"target\":[\"https:\/\/agritechcenter.it\/it\/call-for-ideas\/\"]}]},{\"@type\":\"ImageObject\",\"inLanguage\":\"it-IT\",\"@id\":\"https:\/\/agritechcenter.it\/it\/call-for-ideas\/#primaryimage\",\"url\":\"https:\/\/agritechcenter.it\/wp-content\/uploads\/2025\/05\/FF_logo_verde-300x101.png\",\"contentUrl\":\"https:\/\/agritechcenter.it\/wp-content\/uploads\/2025\/05\/FF_logo_verde-300x101.png\"},{\"@type\":\"BreadcrumbList\",\"@id\":\"https:\/\/agritechcenter.it\/it\/call-for-ideas\/#breadcrumb\",\"itemListElement\":[{\"@type\":\"ListItem\",\"position\":1,\"name\":\"Home\",\"item\":\"https:\/\/agritechcenter.it\/it\/prova-card-newslayout\/\"},{\"@type\":\"ListItem\",\"position\":2,\"name\":\"Call for Ideas\"}]},{\"@type\":\"WebSite\",\"@id\":\"https:\/\/agritechcenter.it\/#website\",\"url\":\"https:\/\/agritechcenter.it\/\",\"name\":\"Agritech Center\",\"description\":\"\",\"publisher\":{\"@id\":\"https:\/\/agritechcenter.it\/#organization\"},\"potentialAction\":[{\"@type\":\"SearchAction\",\"target\":{\"@type\":\"EntryPoint\",\"urlTemplate\":\"https:\/\/agritechcenter.it\/?s={search_term_string}\"},\"query-input\":{\"@type\":\"PropertyValueSpecification\",\"valueRequired\":true,\"valueName\":\"search_term_string\"}}],\"inLanguage\":\"it-IT\"},{\"@type\":\"Organization\",\"@id\":\"https:\/\/agritechcenter.it\/#organization\",\"name\":\"Agritech Center\",\"url\":\"https:\/\/agritechcenter.it\/\",\"logo\":{\"@type\":\"ImageObject\",\"inLanguage\":\"it-IT\",\"@id\":\"https:\/\/agritechcenter.it\/#\/schema\/logo\/image\/\",\"url\":\"https:\/\/agritechcenter.it\/wp-content\/uploads\/2023\/11\/agritech_logo.png\",\"contentUrl\":\"https:\/\/agritechcenter.it\/wp-content\/uploads\/2023\/11\/agritech_logo.png\",\"width\":350,\"height\":214,\"caption\":\"Agritech Center\"},\"image\":{\"@id\":\"https:\/\/agritechcenter.it\/#\/schema\/logo\/image\/\"}}]}<\/script>\n<!-- \/ Yoast SEO plugin. -->","yoast_head_json":{"title":"Call for Ideas - Agritech Center","robots":{"index":"index","follow":"follow","max-snippet":"max-snippet:-1","max-image-preview":"max-image-preview:large","max-video-preview":"max-video-preview:-1"},"canonical":"https:\/\/agritechcenter.it\/it\/call-for-ideas\/","og_locale":"it_IT","og_type":"article","og_title":"Call for Ideas - Agritech Center","og_description":"GROW FORWARD Grande successo per GROW FORWARD! Molte le proposte ricevute, sviluppate con entusiasmo e caratterizzate da un forte potenziale innovativo. La Call for Ideas GROW FORWARD si \u00e8 conclusa con risultati eccezionali che testimoniano la vitalit\u00e0 e l&#8217;innovazione del settore agritech italiano. La risposta della comunit\u00e0 scientifica e imprenditoriale ha superato le aspettative, con ... Leggi tutto","og_url":"https:\/\/agritechcenter.it\/it\/call-for-ideas\/","og_site_name":"Agritech Center","article_modified_time":"2026-01-21T09:14:11+00:00","og_image":[{"width":2518,"height":844,"url":"https:\/\/agritechcenter.it\/wp-content\/uploads\/2025\/05\/FF_logo_verde.png","type":"image\/png"}],"twitter_card":"summary_large_image","twitter_misc":{"Tempo di lettura stimato":"4 minuti"},"schema":{"@context":"https:\/\/schema.org","@graph":[{"@type":"WebPage","@id":"https:\/\/agritechcenter.it\/it\/call-for-ideas\/","url":"https:\/\/agritechcenter.it\/it\/call-for-ideas\/","name":"Call for Ideas - Agritech Center","isPartOf":{"@id":"https:\/\/agritechcenter.it\/#website"},"primaryImageOfPage":{"@id":"https:\/\/agritechcenter.it\/it\/call-for-ideas\/#primaryimage"},"image":{"@id":"https:\/\/agritechcenter.it\/it\/call-for-ideas\/#primaryimage"},"thumbnailUrl":"https:\/\/agritechcenter.it\/wp-content\/uploads\/2025\/05\/FF_logo_verde-300x101.png","datePublished":"2025-05-06T10:49:10+00:00","dateModified":"2026-01-21T09:14:11+00:00","breadcrumb":{"@id":"https:\/\/agritechcenter.it\/it\/call-for-ideas\/#breadcrumb"},"inLanguage":"it-IT","potentialAction":[{"@type":"ReadAction","target":["https:\/\/agritechcenter.it\/it\/call-for-ideas\/"]}]},{"@type":"ImageObject","inLanguage":"it-IT","@id":"https:\/\/agritechcenter.it\/it\/call-for-ideas\/#primaryimage","url":"https:\/\/agritechcenter.it\/wp-content\/uploads\/2025\/05\/FF_logo_verde-300x101.png","contentUrl":"https:\/\/agritechcenter.it\/wp-content\/uploads\/2025\/05\/FF_logo_verde-300x101.png"},{"@type":"BreadcrumbList","@id":"https:\/\/agritechcenter.it\/it\/call-for-ideas\/#breadcrumb","itemListElement":[{"@type":"ListItem","position":1,"name":"Home","item":"https:\/\/agritechcenter.it\/it\/prova-card-newslayout\/"},{"@type":"ListItem","position":2,"name":"Call for Ideas"}]},{"@type":"WebSite","@id":"https:\/\/agritechcenter.it\/#website","url":"https:\/\/agritechcenter.it\/","name":"Agritech Center","description":"","publisher":{"@id":"https:\/\/agritechcenter.it\/#organization"},"potentialAction":[{"@type":"SearchAction","target":{"@type":"EntryPoint","urlTemplate":"https:\/\/agritechcenter.it\/?s={search_term_string}"},"query-input":{"@type":"PropertyValueSpecification","valueRequired":true,"valueName":"search_term_string"}}],"inLanguage":"it-IT"},{"@type":"Organization","@id":"https:\/\/agritechcenter.it\/#organization","name":"Agritech Center","url":"https:\/\/agritechcenter.it\/","logo":{"@type":"ImageObject","inLanguage":"it-IT","@id":"https:\/\/agritechcenter.it\/#\/schema\/logo\/image\/","url":"https:\/\/agritechcenter.it\/wp-content\/uploads\/2023\/11\/agritech_logo.png","contentUrl":"https:\/\/agritechcenter.it\/wp-content\/uploads\/2023\/11\/agritech_logo.png","width":350,"height":214,"caption":"Agritech Center"},"image":{"@id":"https:\/\/agritechcenter.it\/#\/schema\/logo\/image\/"}}]}},"_links":{"self":[{"href":"https:\/\/agritechcenter.it\/it\/wp-json\/wp\/v2\/pages\/6568","targetHints":{"allow":["GET"]}}],"collection":[{"href":"https:\/\/agritechcenter.it\/it\/wp-json\/wp\/v2\/pages"}],"about":[{"href":"https:\/\/agritechcenter.it\/it\/wp-json\/wp\/v2\/types\/page"}],"author":[{"embeddable":true,"href":"https:\/\/agritechcenter.it\/it\/wp-json\/wp\/v2\/users\/2"}],"replies":[{"embeddable":true,"href":"https:\/\/agritechcenter.it\/it\/wp-json\/wp\/v2\/comments?post=6568"}],"version-history":[{"count":21,"href":"https:\/\/agritechcenter.it\/it\/wp-json\/wp\/v2\/pages\/6568\/revisions"}],"predecessor-version":[{"id":9232,"href":"https:\/\/agritechcenter.it\/it\/wp-json\/wp\/v2\/pages\/6568\/revisions\/9232"}],"wp:attachment":[{"href":"https:\/\/agritechcenter.it\/it\/wp-json\/wp\/v2\/media?parent=6568"}],"curies":[{"name":"wp","href":"https:\/\/api.w.org\/{rel}","templated":true}]}}