{"id":6064,"date":"2024-12-14T13:39:42","date_gmt":"2024-12-14T12:39:42","guid":{"rendered":"https:\/\/agritechcenter.it\/agritech-living-labs\/"},"modified":"2025-12-10T09:38:39","modified_gmt":"2025-12-10T08:38:39","slug":"agritech-living-labs","status":"publish","type":"page","link":"https:\/\/agritechcenter.it\/it\/agritech-living-labs\/","title":{"rendered":"Agritech Living Labs"},"content":{"rendered":"\t\t<div data-elementor-type=\"wp-page\" data-elementor-id=\"6064\" class=\"elementor elementor-6064 elementor-6045\" data-elementor-post-type=\"page\">\n\t\t\t\t<div class=\"elementor-element elementor-element-2eba83b e-flex e-con-boxed e-con e-parent\" data-id=\"2eba83b\" data-element_type=\"container\" data-e-type=\"container\" data-settings=\"{&quot;background_background&quot;:&quot;classic&quot;}\">\n\t\t\t\t\t<div class=\"e-con-inner\">\n\t\t<div class=\"elementor-element elementor-element-86a0eb5 e-con-full e-flex e-con e-child\" data-id=\"86a0eb5\" data-element_type=\"container\" data-e-type=\"container\" data-settings=\"{&quot;background_background&quot;:&quot;classic&quot;}\">\n\t\t<div class=\"elementor-element elementor-element-dd4d294 e-con-full e-flex e-con e-child\" data-id=\"dd4d294\" data-element_type=\"container\" data-e-type=\"container\">\n\t\t\t\t<div class=\"elementor-element elementor-element-50748af elementor-widget elementor-widget-image\" data-id=\"50748af\" data-element_type=\"widget\" data-e-type=\"widget\" data-widget_type=\"image.default\">\n\t\t\t\t<div class=\"elementor-widget-container\">\n\t\t\t\t\t\t\t\t\t\t\t\t\t\t\t<img fetchpriority=\"high\" decoding=\"async\" width=\"900\" height=\"506\" src=\"https:\/\/agritechcenter.it\/wp-content\/uploads\/2024\/12\/Agritech-Living-Labs-diffusi-1024x576.jpg\" class=\"attachment-large size-large wp-image-6048\" alt=\"\" srcset=\"https:\/\/agritechcenter.it\/wp-content\/uploads\/2024\/12\/Agritech-Living-Labs-diffusi-1024x576.jpg 1024w, https:\/\/agritechcenter.it\/wp-content\/uploads\/2024\/12\/Agritech-Living-Labs-diffusi-300x169.jpg 300w, https:\/\/agritechcenter.it\/wp-content\/uploads\/2024\/12\/Agritech-Living-Labs-diffusi-768x432.jpg 768w, https:\/\/agritechcenter.it\/wp-content\/uploads\/2024\/12\/Agritech-Living-Labs-diffusi-1536x864.jpg 1536w, https:\/\/agritechcenter.it\/wp-content\/uploads\/2024\/12\/Agritech-Living-Labs-diffusi.jpg 2000w\" sizes=\"(max-width: 900px) 100vw, 900px\" \/>\t\t\t\t\t\t\t\t\t\t\t\t\t\t\t<\/div>\n\t\t\t\t<\/div>\n\t\t\t\t<\/div>\n\t\t<div class=\"elementor-element elementor-element-e39d5cb e-con-full e-flex e-con e-child\" data-id=\"e39d5cb\" data-element_type=\"container\" data-e-type=\"container\">\n\t\t\t\t<div class=\"elementor-element elementor-element-70757f0 elementor-widget elementor-widget-heading\" data-id=\"70757f0\" data-element_type=\"widget\" data-e-type=\"widget\" data-widget_type=\"heading.default\">\n\t\t\t\t<div class=\"elementor-widget-container\">\n\t\t\t\t\t<h2 class=\"elementor-heading-title elementor-size-default\">Agritech Living\nLabs diffusi:\nvetrina della ricerca e\nspazio di accoglienza\ndel DiSSPA UniBA<\/h2>\t\t\t\t<\/div>\n\t\t\t\t<\/div>\n\t\t\t\t<div class=\"elementor-element elementor-element-54b69ef elementor-widget elementor-widget-text-editor\" data-id=\"54b69ef\" data-element_type=\"widget\" data-e-type=\"widget\" data-widget_type=\"text-editor.default\">\n\t\t\t\t<div class=\"elementor-widget-container\">\n\t\t\t\t\t\t\t\t\t<p><strong>Universit\u00e0 degli Studi di Bari Aldo Moro<\/strong><br><span style=\"color: var( --e-global-color-text ); font-family: var( --e-global-typography-text-font-family ), Sans-serif; text-align: var(--text-align); background-color: var( --e-global-color-d5194b4 );\"><strong>Dipartimento di Scienze e del suolo, della pianta e degli alimenti (DiSSPA)<\/strong><b><br><\/b><\/span><span style=\"background-color: var( --e-global-color-d5194b4 ); color: var( --e-global-color-text ); font-family: var( --e-global-typography-text-font-family ), Sans-serif; text-align: var(--text-align);\">D<\/span><span style=\"background-color: var( --e-global-color-d5194b4 ); color: var( --e-global-color-text ); font-family: var( --e-global-typography-text-font-family ), Sans-serif; font-weight: var( --e-global-typography-text-font-weight ); text-align: var(--text-align);\">icembre 2024<\/span><\/p><div><p><strong style=\"color: var( --e-global-color-text ); font-family: var( --e-global-typography-text-font-family ), Sans-serif; text-align: var(--text-align); background-color: var( --e-global-color-d5194b4 );\">UniBA<\/strong><span style=\"color: var( --e-global-color-text ); font-family: var( --e-global-typography-text-font-family ), Sans-serif; font-weight: var( --e-global-typography-text-font-weight ); text-align: var(--text-align); background-color: var( --e-global-color-d5194b4 );\"> \u00e8 leader per lo<\/span><strong style=\"color: var( --e-global-color-text ); font-family: var( --e-global-typography-text-font-family ), Sans-serif; text-align: var(--text-align); background-color: var( --e-global-color-d5194b4 );\"> Spoke 7<\/strong><span style=\"color: var( --e-global-color-text ); font-family: var( --e-global-typography-text-font-family ), Sans-serif; font-weight: var( --e-global-typography-text-font-weight ); text-align: var(--text-align); background-color: var( --e-global-color-d5194b4 );\"> &#8220;Modelli integrati per lo sviluppo di aree marginali per promuovere sistemi di produzione multifunzionali che migliorino la sostenibilit\u00e0 agro-ecologica e socio-economica&#8221;.<\/span><\/p><\/div><p><a href=\"https:\/\/agritechcenter.it\/it\/agritech-living-labs-diffusi-uniba\/\"><strong>Vai ai Living Labs &gt;<\/strong><\/a><\/p><p><a href=\"https:\/\/agritechcenter.it\/wp-content\/uploads\/2024\/12\/Agritech-Living-Labs-diffusi_La-storia-web-2.pdf\"><strong>Scarica la presentazione &gt;<\/strong><\/a><\/p><p><a href=\"https:\/\/agritechcenter.it\/wp-content\/uploads\/2024\/12\/Locandina-living-lab.pdf\"><strong>Locandina &gt;<\/strong><\/a><\/p>\t\t\t\t\t\t\t\t<\/div>\n\t\t\t\t<\/div>\n\t\t\t\t<\/div>\n\t\t\t\t<\/div>\n\t\t\t\t\t<\/div>\n\t\t\t\t<\/div>\n\t\t<div class=\"elementor-element elementor-element-2e49505 e-flex e-con-boxed e-con e-parent\" data-id=\"2e49505\" data-element_type=\"container\" data-e-type=\"container\" data-settings=\"{&quot;background_background&quot;:&quot;classic&quot;}\">\n\t\t\t\t\t<div class=\"e-con-inner\">\n\t\t<div class=\"elementor-element elementor-element-8af326a e-con-full e-flex e-con e-child\" data-id=\"8af326a\" data-element_type=\"container\" data-e-type=\"container\" data-settings=\"{&quot;background_background&quot;:&quot;classic&quot;}\">\n\t\t<div class=\"elementor-element elementor-element-0d753f5 e-con-full e-flex e-con e-child\" data-id=\"0d753f5\" data-element_type=\"container\" data-e-type=\"container\">\n\t\t\t\t<div class=\"elementor-element elementor-element-67a5d7c elementor-widget elementor-widget-image\" data-id=\"67a5d7c\" data-element_type=\"widget\" data-e-type=\"widget\" data-widget_type=\"image.default\">\n\t\t\t\t<div class=\"elementor-widget-container\">\n\t\t\t\t\t\t\t\t\t\t\t\t\t\t\t<img decoding=\"async\" width=\"900\" height=\"455\" src=\"https:\/\/agritechcenter.it\/wp-content\/uploads\/2025\/06\/livinlab-bari-06-25-1-1-1024x518.jpg\" class=\"attachment-large size-large wp-image-6734\" alt=\"\" srcset=\"https:\/\/agritechcenter.it\/wp-content\/uploads\/2025\/06\/livinlab-bari-06-25-1-1-1024x518.jpg 1024w, https:\/\/agritechcenter.it\/wp-content\/uploads\/2025\/06\/livinlab-bari-06-25-1-1-300x152.jpg 300w, https:\/\/agritechcenter.it\/wp-content\/uploads\/2025\/06\/livinlab-bari-06-25-1-1-768x389.jpg 768w, https:\/\/agritechcenter.it\/wp-content\/uploads\/2025\/06\/livinlab-bari-06-25-1-1-1536x778.jpg 1536w, https:\/\/agritechcenter.it\/wp-content\/uploads\/2025\/06\/livinlab-bari-06-25-1-1.jpg 1920w\" sizes=\"(max-width: 900px) 100vw, 900px\" \/>\t\t\t\t\t\t\t\t\t\t\t\t\t\t\t<\/div>\n\t\t\t\t<\/div>\n\t\t\t\t<\/div>\n\t\t<div class=\"elementor-element elementor-element-be0d09a e-con-full e-flex e-con e-child\" data-id=\"be0d09a\" data-element_type=\"container\" data-e-type=\"container\">\n\t\t\t\t<div class=\"elementor-element elementor-element-96fc2e9 elementor-widget elementor-widget-heading\" data-id=\"96fc2e9\" data-element_type=\"widget\" data-e-type=\"widget\" data-widget_type=\"heading.default\">\n\t\t\t\t<div class=\"elementor-widget-container\">\n\t\t\t\t\t<h2 class=\"elementor-heading-title elementor-size-default\">Progetto: \"Approccio integrato, circolare, digitale e sostenibile per un'agricoltura costiera resiliente ai Cambiamenti Climatici\"<\/h2>\t\t\t\t<\/div>\n\t\t\t\t<\/div>\n\t\t\t\t<div class=\"elementor-element elementor-element-1131247 elementor-widget elementor-widget-text-editor\" data-id=\"1131247\" data-element_type=\"widget\" data-e-type=\"widget\" data-widget_type=\"text-editor.default\">\n\t\t\t\t<div class=\"elementor-widget-container\">\n\t\t\t\t\t\t\t\t\t<p><span style=\"color: var( --e-global-color-text ); font-family: var( --e-global-typography-text-font-family ), Sans-serif; text-align: var(--text-align); background-color: var( --e-global-color-d5194b4 );\"><b>Universit\u00e0 degli Studi di Bari Aldo Moro<br>Dipartimento di Scienze e del suolo, della pianta e degli alimenti (DiSSPA)<br><strong>Politecnico di Bari<br><\/strong><\/b><\/span><span style=\"background-color: var( --e-global-color-d5194b4 ); color: var( --e-global-color-text ); font-family: var( --e-global-typography-text-font-family ), Sans-serif; font-weight: var( --e-global-typography-text-font-weight ); text-align: var(--text-align);\">Giugno 2025<\/span><\/p>\n<div>\n<p><strong style=\"color: var( --e-global-color-text ); font-family: var( --e-global-typography-text-font-family ), Sans-serif; text-align: var(--text-align); background-color: var( --e-global-color-d5194b4 );\">UniBA<\/strong><span style=\"color: var( --e-global-color-text ); font-family: var( --e-global-typography-text-font-family ), Sans-serif; font-weight: var( --e-global-typography-text-font-weight ); text-align: var(--text-align); background-color: var( --e-global-color-d5194b4 );\"> \u00e8 leader per lo<\/span><strong style=\"color: var( --e-global-color-text ); font-family: var( --e-global-typography-text-font-family ), Sans-serif; text-align: var(--text-align); background-color: var( --e-global-color-d5194b4 );\"> Spoke 7<\/strong><span style=\"color: var( --e-global-color-text ); font-family: var( --e-global-typography-text-font-family ), Sans-serif; font-weight: var( --e-global-typography-text-font-weight ); text-align: var(--text-align); background-color: var( --e-global-color-d5194b4 );\"> &#8220;Modelli integrati per lo sviluppo di aree marginali per promuovere sistemi di produzione multifunzionali che migliorino la sostenibilit\u00e0 agro-ecologica e socio-economica&#8221;.<\/span><\/p>\n<\/div>\n<p><a href=\"https:\/\/agritechcenter.it\/it\/i-progetti\/\"><strong>Vai al Progetto Approccio Integrato &gt;<\/strong><\/a><\/p>\t\t\t\t\t\t\t\t<\/div>\n\t\t\t\t<\/div>\n\t\t\t\t<\/div>\n\t\t\t\t<\/div>\n\t\t\t\t\t<\/div>\n\t\t\t\t<\/div>\n\t\t<div class=\"elementor-element elementor-element-1f51b6f e-flex e-con-boxed e-con e-parent\" data-id=\"1f51b6f\" data-element_type=\"container\" data-e-type=\"container\" data-settings=\"{&quot;background_background&quot;:&quot;classic&quot;}\">\n\t\t\t\t\t<div class=\"e-con-inner\">\n\t\t<div class=\"elementor-element elementor-element-40f271c e-con-full e-flex e-con e-child\" data-id=\"40f271c\" data-element_type=\"container\" data-e-type=\"container\" data-settings=\"{&quot;background_background&quot;:&quot;classic&quot;}\">\n\t\t<div class=\"elementor-element elementor-element-d3c3a51 e-con-full e-flex e-con e-child\" data-id=\"d3c3a51\" data-element_type=\"container\" data-e-type=\"container\">\n\t\t\t\t<div class=\"elementor-element elementor-element-0b4c0d3 elementor-widget elementor-widget-image\" data-id=\"0b4c0d3\" data-element_type=\"widget\" data-e-type=\"widget\" data-widget_type=\"image.default\">\n\t\t\t\t<div class=\"elementor-widget-container\">\n\t\t\t\t\t\t\t\t\t\t\t\t\t\t\t<img decoding=\"async\" width=\"900\" height=\"506\" src=\"https:\/\/agritechcenter.it\/wp-content\/uploads\/2025\/09\/spoke6_spoke6-maratona-all-09-25-1-1024x576.jpg\" class=\"attachment-large size-large wp-image-7368\" alt=\"\" srcset=\"https:\/\/agritechcenter.it\/wp-content\/uploads\/2025\/09\/spoke6_spoke6-maratona-all-09-25-1-1024x576.jpg 1024w, https:\/\/agritechcenter.it\/wp-content\/uploads\/2025\/09\/spoke6_spoke6-maratona-all-09-25-1-300x169.jpg 300w, https:\/\/agritechcenter.it\/wp-content\/uploads\/2025\/09\/spoke6_spoke6-maratona-all-09-25-1-768x432.jpg 768w, https:\/\/agritechcenter.it\/wp-content\/uploads\/2025\/09\/spoke6_spoke6-maratona-all-09-25-1-1536x864.jpg 1536w, https:\/\/agritechcenter.it\/wp-content\/uploads\/2025\/09\/spoke6_spoke6-maratona-all-09-25-1.jpg 1920w\" sizes=\"(max-width: 900px) 100vw, 900px\" \/>\t\t\t\t\t\t\t\t\t\t\t\t\t\t\t<\/div>\n\t\t\t\t<\/div>\n\t\t\t\t<\/div>\n\t\t<div class=\"elementor-element elementor-element-4d13432 e-con-full e-flex e-con e-child\" data-id=\"4d13432\" data-element_type=\"container\" data-e-type=\"container\">\n\t\t\t\t<div class=\"elementor-element elementor-element-85ab1b8 elementor-widget elementor-widget-heading\" data-id=\"85ab1b8\" data-element_type=\"widget\" data-e-type=\"widget\" data-widget_type=\"heading.default\">\n\t\t\t\t<div class=\"elementor-widget-container\">\n\t\t\t\t\t<h2 class=\"elementor-heading-title elementor-size-default\">IL LIVING LAB SPOKE 6: AGRICOLTURA SOSTENIBILE E INNOVAZIONE<\/h2>\t\t\t\t<\/div>\n\t\t\t\t<\/div>\n\t\t\t\t<div class=\"elementor-element elementor-element-dfc81a2 elementor-widget elementor-widget-text-editor\" data-id=\"dfc81a2\" data-element_type=\"widget\" data-e-type=\"widget\" data-widget_type=\"text-editor.default\">\n\t\t\t\t<div class=\"elementor-widget-container\">\n\t\t\t\t\t\t\t\t\t<p><span style=\"color: var( --e-global-color-text ); font-family: var( --e-global-typography-text-font-family ), Sans-serif; text-align: var(--text-align); background-color: var( --e-global-color-d5194b4 );\"><b><strong>2035: l\u2019agricoltura che immaginiamo.<br>Il LIVING LAB dello Spoke 6 di Agritech<br><\/strong><\/b><\/span><span style=\"background-color: var( --e-global-color-d5194b4 ); color: var( --e-global-color-text ); font-family: var( --e-global-typography-text-font-family ), Sans-serif; font-weight: var( --e-global-typography-text-font-weight ); text-align: var(--text-align);\">Settembre 2025<\/span><\/p><div><p>Il Dipartimento di Scienze Agrarie, Forestali e Alimentari (<strong>DISAFA<\/strong>) dell&#8217;Universit\u00e0 di Torino \u00e8 in prima linea nella sfida di rendere l&#8217;agricoltura pi\u00f9 sostenibile ed efficiente, garantendo la qualit\u00e0 dei prodotti e la sicurezza alimentare. L&#8217;impegno si concretizza attraverso il <strong>Living Lab<\/strong> &#8220;Agricoltura Sostenibile e Innovazione&#8221; dello SPOKE 6 del progetto Agritech. <\/p><\/div><p><a href=\"https:\/\/agritechcenter.it\/it\/agritech-living-lab-spoke-6\/\"><strong>Vai al Living Lab dello Spoke 6 &gt;<\/strong><\/a><\/p>\t\t\t\t\t\t\t\t<\/div>\n\t\t\t\t<\/div>\n\t\t\t\t<\/div>\n\t\t\t\t<\/div>\n\t\t\t\t\t<\/div>\n\t\t\t\t<\/div>\n\t\t<div class=\"elementor-element elementor-element-ef4dc4b e-flex e-con-boxed e-con e-parent\" data-id=\"ef4dc4b\" data-element_type=\"container\" data-e-type=\"container\">\n\t\t\t\t\t<div class=\"e-con-inner\">\n\t\t\t\t\t<\/div>\n\t\t\t\t<\/div>\n\t\t\t\t<\/div>\n\t\t","protected":false},"excerpt":{"rendered":"<p>Agritech Living Labs diffusi: vetrina della ricerca e spazio di accoglienza del DiSSPA UniBA Universit\u00e0 degli Studi di Bari Aldo MoroDipartimento di Scienze e del suolo, della pianta e degli alimenti (DiSSPA)Dicembre 2024 UniBA \u00e8 leader per lo Spoke 7 &#8220;Modelli integrati per lo sviluppo di aree marginali per promuovere sistemi di produzione multifunzionali che &#8230; <a title=\"Agritech Living Labs\" class=\"read-more\" href=\"https:\/\/agritechcenter.it\/it\/agritech-living-labs\/\" aria-label=\"Per saperne di pi\u00f9 su Agritech Living Labs\">Leggi tutto<\/a><\/p>\n","protected":false},"author":2,"featured_media":0,"parent":0,"menu_order":0,"comment_status":"closed","ping_status":"closed","template":"","meta":{"_acf_changed":false,"footnotes":""},"class_list":["post-6064","page","type-page","status-publish"],"acf":[],"yoast_head":"<!-- This site is optimized with the Yoast SEO plugin v27.0 - https:\/\/yoast.com\/product\/yoast-seo-wordpress\/ -->\n<title>Agritech Living Labs - Agritech Center<\/title>\n<meta name=\"robots\" content=\"index, follow, max-snippet:-1, max-image-preview:large, max-video-preview:-1\" \/>\n<link rel=\"canonical\" href=\"https:\/\/agritechcenter.it\/it\/agritech-living-labs\/\" \/>\n<meta property=\"og:locale\" content=\"it_IT\" \/>\n<meta property=\"og:type\" content=\"article\" \/>\n<meta property=\"og:title\" content=\"Agritech Living Labs - Agritech Center\" \/>\n<meta property=\"og:description\" content=\"Agritech Living Labs diffusi: vetrina della ricerca e spazio di accoglienza del DiSSPA UniBA Universit\u00e0 degli Studi di Bari Aldo MoroDipartimento di Scienze e del suolo, della pianta e degli alimenti (DiSSPA)Dicembre 2024 UniBA \u00e8 leader per lo Spoke 7 &#8220;Modelli integrati per lo sviluppo di aree marginali per promuovere sistemi di produzione multifunzionali che ... Leggi tutto\" \/>\n<meta property=\"og:url\" content=\"https:\/\/agritechcenter.it\/it\/agritech-living-labs\/\" \/>\n<meta property=\"og:site_name\" content=\"Agritech Center\" \/>\n<meta property=\"article:modified_time\" content=\"2025-12-10T08:38:39+00:00\" \/>\n<meta property=\"og:image\" content=\"https:\/\/agritechcenter.it\/wp-content\/uploads\/2024\/12\/Agritech-Living-Labs-diffusi.jpg\" \/>\n\t<meta property=\"og:image:width\" content=\"2000\" \/>\n\t<meta property=\"og:image:height\" content=\"1125\" \/>\n\t<meta property=\"og:image:type\" content=\"image\/jpeg\" \/>\n<meta name=\"twitter:card\" content=\"summary_large_image\" \/>\n<meta name=\"twitter:label1\" content=\"Tempo di lettura stimato\" \/>\n\t<meta name=\"twitter:data1\" content=\"1 minuto\" \/>\n<script type=\"application\/ld+json\" class=\"yoast-schema-graph\">{\"@context\":\"https:\/\/schema.org\",\"@graph\":[{\"@type\":\"WebPage\",\"@id\":\"https:\/\/agritechcenter.it\/it\/agritech-living-labs\/\",\"url\":\"https:\/\/agritechcenter.it\/it\/agritech-living-labs\/\",\"name\":\"Agritech Living Labs - Agritech Center\",\"isPartOf\":{\"@id\":\"https:\/\/agritechcenter.it\/#website\"},\"primaryImageOfPage\":{\"@id\":\"https:\/\/agritechcenter.it\/it\/agritech-living-labs\/#primaryimage\"},\"image\":{\"@id\":\"https:\/\/agritechcenter.it\/it\/agritech-living-labs\/#primaryimage\"},\"thumbnailUrl\":\"https:\/\/agritechcenter.it\/wp-content\/uploads\/2024\/12\/Agritech-Living-Labs-diffusi-1024x576.jpg\",\"datePublished\":\"2024-12-14T12:39:42+00:00\",\"dateModified\":\"2025-12-10T08:38:39+00:00\",\"breadcrumb\":{\"@id\":\"https:\/\/agritechcenter.it\/it\/agritech-living-labs\/#breadcrumb\"},\"inLanguage\":\"it-IT\",\"potentialAction\":[{\"@type\":\"ReadAction\",\"target\":[\"https:\/\/agritechcenter.it\/it\/agritech-living-labs\/\"]}]},{\"@type\":\"ImageObject\",\"inLanguage\":\"it-IT\",\"@id\":\"https:\/\/agritechcenter.it\/it\/agritech-living-labs\/#primaryimage\",\"url\":\"https:\/\/agritechcenter.it\/wp-content\/uploads\/2024\/12\/Agritech-Living-Labs-diffusi-1024x576.jpg\",\"contentUrl\":\"https:\/\/agritechcenter.it\/wp-content\/uploads\/2024\/12\/Agritech-Living-Labs-diffusi-1024x576.jpg\"},{\"@type\":\"BreadcrumbList\",\"@id\":\"https:\/\/agritechcenter.it\/it\/agritech-living-labs\/#breadcrumb\",\"itemListElement\":[{\"@type\":\"ListItem\",\"position\":1,\"name\":\"Home\",\"item\":\"https:\/\/agritechcenter.it\/it\/prova-card-newslayout\/\"},{\"@type\":\"ListItem\",\"position\":2,\"name\":\"Agritech Living Labs\"}]},{\"@type\":\"WebSite\",\"@id\":\"https:\/\/agritechcenter.it\/#website\",\"url\":\"https:\/\/agritechcenter.it\/\",\"name\":\"Agritech Center\",\"description\":\"\",\"publisher\":{\"@id\":\"https:\/\/agritechcenter.it\/#organization\"},\"potentialAction\":[{\"@type\":\"SearchAction\",\"target\":{\"@type\":\"EntryPoint\",\"urlTemplate\":\"https:\/\/agritechcenter.it\/?s={search_term_string}\"},\"query-input\":{\"@type\":\"PropertyValueSpecification\",\"valueRequired\":true,\"valueName\":\"search_term_string\"}}],\"inLanguage\":\"it-IT\"},{\"@type\":\"Organization\",\"@id\":\"https:\/\/agritechcenter.it\/#organization\",\"name\":\"Agritech Center\",\"url\":\"https:\/\/agritechcenter.it\/\",\"logo\":{\"@type\":\"ImageObject\",\"inLanguage\":\"it-IT\",\"@id\":\"https:\/\/agritechcenter.it\/#\/schema\/logo\/image\/\",\"url\":\"https:\/\/agritechcenter.it\/wp-content\/uploads\/2023\/11\/agritech_logo.png\",\"contentUrl\":\"https:\/\/agritechcenter.it\/wp-content\/uploads\/2023\/11\/agritech_logo.png\",\"width\":350,\"height\":214,\"caption\":\"Agritech Center\"},\"image\":{\"@id\":\"https:\/\/agritechcenter.it\/#\/schema\/logo\/image\/\"}}]}<\/script>\n<!-- \/ Yoast SEO plugin. -->","yoast_head_json":{"title":"Agritech Living Labs - Agritech Center","robots":{"index":"index","follow":"follow","max-snippet":"max-snippet:-1","max-image-preview":"max-image-preview:large","max-video-preview":"max-video-preview:-1"},"canonical":"https:\/\/agritechcenter.it\/it\/agritech-living-labs\/","og_locale":"it_IT","og_type":"article","og_title":"Agritech Living Labs - Agritech Center","og_description":"Agritech Living Labs diffusi: vetrina della ricerca e spazio di accoglienza del DiSSPA UniBA Universit\u00e0 degli Studi di Bari Aldo MoroDipartimento di Scienze e del suolo, della pianta e degli alimenti (DiSSPA)Dicembre 2024 UniBA \u00e8 leader per lo Spoke 7 &#8220;Modelli integrati per lo sviluppo di aree marginali per promuovere sistemi di produzione multifunzionali che ... Leggi tutto","og_url":"https:\/\/agritechcenter.it\/it\/agritech-living-labs\/","og_site_name":"Agritech Center","article_modified_time":"2025-12-10T08:38:39+00:00","og_image":[{"width":2000,"height":1125,"url":"https:\/\/agritechcenter.it\/wp-content\/uploads\/2024\/12\/Agritech-Living-Labs-diffusi.jpg","type":"image\/jpeg"}],"twitter_card":"summary_large_image","twitter_misc":{"Tempo di lettura stimato":"1 minuto"},"schema":{"@context":"https:\/\/schema.org","@graph":[{"@type":"WebPage","@id":"https:\/\/agritechcenter.it\/it\/agritech-living-labs\/","url":"https:\/\/agritechcenter.it\/it\/agritech-living-labs\/","name":"Agritech Living Labs - Agritech Center","isPartOf":{"@id":"https:\/\/agritechcenter.it\/#website"},"primaryImageOfPage":{"@id":"https:\/\/agritechcenter.it\/it\/agritech-living-labs\/#primaryimage"},"image":{"@id":"https:\/\/agritechcenter.it\/it\/agritech-living-labs\/#primaryimage"},"thumbnailUrl":"https:\/\/agritechcenter.it\/wp-content\/uploads\/2024\/12\/Agritech-Living-Labs-diffusi-1024x576.jpg","datePublished":"2024-12-14T12:39:42+00:00","dateModified":"2025-12-10T08:38:39+00:00","breadcrumb":{"@id":"https:\/\/agritechcenter.it\/it\/agritech-living-labs\/#breadcrumb"},"inLanguage":"it-IT","potentialAction":[{"@type":"ReadAction","target":["https:\/\/agritechcenter.it\/it\/agritech-living-labs\/"]}]},{"@type":"ImageObject","inLanguage":"it-IT","@id":"https:\/\/agritechcenter.it\/it\/agritech-living-labs\/#primaryimage","url":"https:\/\/agritechcenter.it\/wp-content\/uploads\/2024\/12\/Agritech-Living-Labs-diffusi-1024x576.jpg","contentUrl":"https:\/\/agritechcenter.it\/wp-content\/uploads\/2024\/12\/Agritech-Living-Labs-diffusi-1024x576.jpg"},{"@type":"BreadcrumbList","@id":"https:\/\/agritechcenter.it\/it\/agritech-living-labs\/#breadcrumb","itemListElement":[{"@type":"ListItem","position":1,"name":"Home","item":"https:\/\/agritechcenter.it\/it\/prova-card-newslayout\/"},{"@type":"ListItem","position":2,"name":"Agritech Living Labs"}]},{"@type":"WebSite","@id":"https:\/\/agritechcenter.it\/#website","url":"https:\/\/agritechcenter.it\/","name":"Agritech Center","description":"","publisher":{"@id":"https:\/\/agritechcenter.it\/#organization"},"potentialAction":[{"@type":"SearchAction","target":{"@type":"EntryPoint","urlTemplate":"https:\/\/agritechcenter.it\/?s={search_term_string}"},"query-input":{"@type":"PropertyValueSpecification","valueRequired":true,"valueName":"search_term_string"}}],"inLanguage":"it-IT"},{"@type":"Organization","@id":"https:\/\/agritechcenter.it\/#organization","name":"Agritech Center","url":"https:\/\/agritechcenter.it\/","logo":{"@type":"ImageObject","inLanguage":"it-IT","@id":"https:\/\/agritechcenter.it\/#\/schema\/logo\/image\/","url":"https:\/\/agritechcenter.it\/wp-content\/uploads\/2023\/11\/agritech_logo.png","contentUrl":"https:\/\/agritechcenter.it\/wp-content\/uploads\/2023\/11\/agritech_logo.png","width":350,"height":214,"caption":"Agritech Center"},"image":{"@id":"https:\/\/agritechcenter.it\/#\/schema\/logo\/image\/"}}]}},"_links":{"self":[{"href":"https:\/\/agritechcenter.it\/it\/wp-json\/wp\/v2\/pages\/6064","targetHints":{"allow":["GET"]}}],"collection":[{"href":"https:\/\/agritechcenter.it\/it\/wp-json\/wp\/v2\/pages"}],"about":[{"href":"https:\/\/agritechcenter.it\/it\/wp-json\/wp\/v2\/types\/page"}],"author":[{"embeddable":true,"href":"https:\/\/agritechcenter.it\/it\/wp-json\/wp\/v2\/users\/2"}],"replies":[{"embeddable":true,"href":"https:\/\/agritechcenter.it\/it\/wp-json\/wp\/v2\/comments?post=6064"}],"version-history":[{"count":13,"href":"https:\/\/agritechcenter.it\/it\/wp-json\/wp\/v2\/pages\/6064\/revisions"}],"predecessor-version":[{"id":8520,"href":"https:\/\/agritechcenter.it\/it\/wp-json\/wp\/v2\/pages\/6064\/revisions\/8520"}],"wp:attachment":[{"href":"https:\/\/agritechcenter.it\/it\/wp-json\/wp\/v2\/media?parent=6064"}],"curies":[{"name":"wp","href":"https:\/\/api.w.org\/{rel}","templated":true}]}}