{"id":2583,"date":"2023-11-20T08:55:00","date_gmt":"2023-11-20T07:55:00","guid":{"rendered":"https:\/\/staging.agritechcenter.it\/trasferimento-tecnologico\/"},"modified":"2023-11-20T08:55:00","modified_gmt":"2023-11-20T07:55:00","slug":"trasferimento-tecnologico","status":"publish","type":"page","link":"https:\/\/agritechcenter.it\/it\/trasferimento-tecnologico\/","title":{"rendered":"Trasferimento Tecnologico"},"content":{"rendered":"<p style=\"color: #333333; font-family: 'Source Sans 3', sans-serif;\">Il Centro Nazionale Agritech \u00e8 stato specificamente progettato per promuovere l&#8217;innovazione e il trasferimento tecnologico; in questo contesto, la collaborazione e il sfruttamento della rete creata con le aziende private hanno un ruolo cruciale per avere un enorme impatto sull&#8217;intera catena di valore agricola. Il raggiungimento degli obiettivi di Agritech richieder\u00e0 finanziamenti adeguati per sostenere le attivit\u00e0 dei Spokes e un solido piano di reclutamento di giovani scienziati da coinvolgere nella ricerca pianificata. Saranno necessarie ulteriori risorse per sostenere una guida strategica e il coordinamento da parte della struttura centrale dell&#8217;Hub, che sar\u00e0 pienamente coinvolto nel trasferimento tecnologico, nella formazione e nella promozione di start-up e altre attivit\u00e0 trasversali dei Spokes di interesse comune. Il costo totale del programma \u00e8 stimato in 477 milioni di euro.<\/p>\n<p style=\"color: #333333; font-family: 'Source Sans 3', sans-serif;\">Categorie di costi e criteri di allocazione<br \/>Abbiamo selezionato le seguenti categorie di costi:<\/p>\n<p style=\"color: #333333; font-family: 'Source Sans 3', sans-serif;\">1) Personale: i) Personale a tempo indeterminato, ii) RTDA, iii) Borse di studio per dottorandi, iv) Borse di ricerca<br \/>2) Attrezzature infrastrutturali, costi diretti di ricerca e altri beni e servizi<br \/>3) Bandi aperti<br \/>4) Servizi dell&#8217;Hub e Attivit\u00e0 trasversali dei Spokes<\/p>\n<p style=\"color: #333333; font-family: 'Source Sans 3', sans-serif;\">Infrastrutture, attrezzature, costi diretti di ricerca e altri beni e servizi<br \/>Questa categoria di costi include lo sviluppo\/rinnovamento di laboratori e attrezzature e materiali necessari per le attivit\u00e0 di ricerca dei Spokes. Poich\u00e9 l&#8217;Agritech NC propone di svolgere ricerche con TRL medio-alto, le Infrastrutture Tecnologiche come i Living Labs e le attivit\u00e0 di Trasferimento Tecnologico hanno un ruolo cruciale per il successo del progetto di ricerca. I Living Labs sono luoghi dove ricercatori universitari, aziende private e contributori portano i loro diversi approcci e know-how e possono collaborare per sviluppare e applicare i risultati della ricerca. <br \/>Per ulteriori dettagli, si prega di visitare il sito web:<\/p>\n<p style=\"color: #333333; font-family: 'Source Sans 3', sans-serif;\"><a href=\"https:\/\/www.agritechacademy.unina.it\/chi-siamo\/\" target=\"_blank\" rel=\"noopener\">https:\/\/www.agritechacademy.unina.it\/chi-siamo\/<\/a><\/p>\n<style>\/*! elementor - v3.17.0 - 08-11-2023 *\/\n.elementor-widget-image{text-align:center}.elementor-widget-image a{display:inline-block}.elementor-widget-image a img[src$=\".svg\"]{width:48px}.elementor-widget-image img{vertical-align:middle;display:inline-block}<\/style>\n<p>\t\t\t\t\t\t\t\t\t\t\t\t<img decoding=\"async\" src=\"https:\/\/agritechcenter.it\/wp-content\/uploads\/2023\/02\/Risorsa-3HUB_agri_bis.png\" title=\"\" alt=\"\" loading=\"lazy\"><\/p>\n","protected":false},"excerpt":{"rendered":"<p>Il Centro Nazionale Agritech \u00e8 stato specificamente progettato per promuovere l&#8217;innovazione e il trasferimento tecnologico; in questo contesto, la collaborazione e il sfruttamento della rete creata con le aziende private hanno un ruolo cruciale per avere un enorme impatto sull&#8217;intera catena di valore agricola. Il raggiungimento degli obiettivi di Agritech richieder\u00e0 finanziamenti adeguati per sostenere &#8230; <a title=\"Trasferimento Tecnologico\" class=\"read-more\" href=\"https:\/\/agritechcenter.it\/it\/trasferimento-tecnologico\/\" aria-label=\"Per saperne di pi\u00f9 su Trasferimento Tecnologico\">Leggi tutto<\/a><\/p>\n","protected":false},"author":4,"featured_media":0,"parent":0,"menu_order":0,"comment_status":"closed","ping_status":"closed","template":"","meta":{"_acf_changed":false,"footnotes":""},"class_list":["post-2583","page","type-page","status-publish"],"acf":[],"yoast_head":"<!-- This site is optimized with the Yoast SEO plugin v27.0 - https:\/\/yoast.com\/product\/yoast-seo-wordpress\/ -->\n<title>Trasferimento Tecnologico - Agritech Center<\/title>\n<meta name=\"robots\" content=\"index, follow, max-snippet:-1, max-image-preview:large, max-video-preview:-1\" \/>\n<link rel=\"canonical\" href=\"https:\/\/agritechcenter.it\/tecnhologic-transfer\/\" \/>\n<meta property=\"og:locale\" content=\"it_IT\" \/>\n<meta property=\"og:type\" content=\"article\" \/>\n<meta property=\"og:title\" content=\"Trasferimento Tecnologico - Agritech Center\" \/>\n<meta property=\"og:description\" content=\"Il Centro Nazionale Agritech \u00e8 stato specificamente progettato per promuovere l&#8217;innovazione e il trasferimento tecnologico; in questo contesto, la collaborazione e il sfruttamento della rete creata con le aziende private hanno un ruolo cruciale per avere un enorme impatto sull&#8217;intera catena di valore agricola. Il raggiungimento degli obiettivi di Agritech richieder\u00e0 finanziamenti adeguati per sostenere ... Leggi tutto\" \/>\n<meta property=\"og:url\" content=\"https:\/\/agritechcenter.it\/tecnhologic-transfer\/\" \/>\n<meta property=\"og:site_name\" content=\"Agritech Center\" \/>\n<meta property=\"og:image\" content=\"https:\/\/agritechcenter.it\/wp-content\/uploads\/2023\/02\/Risorsa-3HUB_agri_bis.png\" \/>\n<meta name=\"twitter:card\" content=\"summary_large_image\" \/>\n<meta name=\"twitter:label1\" content=\"Tempo di lettura stimato\" \/>\n\t<meta name=\"twitter:data1\" content=\"1 minuto\" \/>\n<script type=\"application\/ld+json\" class=\"yoast-schema-graph\">{\"@context\":\"https:\/\/schema.org\",\"@graph\":[{\"@type\":\"WebPage\",\"@id\":\"https:\/\/agritechcenter.it\/tecnhologic-transfer\/\",\"url\":\"https:\/\/agritechcenter.it\/tecnhologic-transfer\/\",\"name\":\"Trasferimento Tecnologico - Agritech Center\",\"isPartOf\":{\"@id\":\"https:\/\/agritechcenter.it\/#website\"},\"primaryImageOfPage\":{\"@id\":\"https:\/\/agritechcenter.it\/tecnhologic-transfer\/#primaryimage\"},\"image\":{\"@id\":\"https:\/\/agritechcenter.it\/tecnhologic-transfer\/#primaryimage\"},\"thumbnailUrl\":\"https:\/\/agritechcenter.it\/wp-content\/uploads\/2023\/02\/Risorsa-3HUB_agri_bis.png\",\"datePublished\":\"2023-11-20T07:55:00+00:00\",\"breadcrumb\":{\"@id\":\"https:\/\/agritechcenter.it\/tecnhologic-transfer\/#breadcrumb\"},\"inLanguage\":\"it-IT\",\"potentialAction\":[{\"@type\":\"ReadAction\",\"target\":[\"https:\/\/agritechcenter.it\/tecnhologic-transfer\/\"]}]},{\"@type\":\"ImageObject\",\"inLanguage\":\"it-IT\",\"@id\":\"https:\/\/agritechcenter.it\/tecnhologic-transfer\/#primaryimage\",\"url\":\"https:\/\/agritechcenter.it\/wp-content\/uploads\/2023\/02\/Risorsa-3HUB_agri_bis.png\",\"contentUrl\":\"https:\/\/agritechcenter.it\/wp-content\/uploads\/2023\/02\/Risorsa-3HUB_agri_bis.png\"},{\"@type\":\"BreadcrumbList\",\"@id\":\"https:\/\/agritechcenter.it\/tecnhologic-transfer\/#breadcrumb\",\"itemListElement\":[{\"@type\":\"ListItem\",\"position\":1,\"name\":\"Home\",\"item\":\"https:\/\/agritechcenter.it\/it\/prova-card-newslayout\/\"},{\"@type\":\"ListItem\",\"position\":2,\"name\":\"Trasferimento Tecnologico\"}]},{\"@type\":\"WebSite\",\"@id\":\"https:\/\/agritechcenter.it\/#website\",\"url\":\"https:\/\/agritechcenter.it\/\",\"name\":\"Agritech Center\",\"description\":\"\",\"publisher\":{\"@id\":\"https:\/\/agritechcenter.it\/#organization\"},\"potentialAction\":[{\"@type\":\"SearchAction\",\"target\":{\"@type\":\"EntryPoint\",\"urlTemplate\":\"https:\/\/agritechcenter.it\/?s={search_term_string}\"},\"query-input\":{\"@type\":\"PropertyValueSpecification\",\"valueRequired\":true,\"valueName\":\"search_term_string\"}}],\"inLanguage\":\"it-IT\"},{\"@type\":\"Organization\",\"@id\":\"https:\/\/agritechcenter.it\/#organization\",\"name\":\"Agritech Center\",\"url\":\"https:\/\/agritechcenter.it\/\",\"logo\":{\"@type\":\"ImageObject\",\"inLanguage\":\"it-IT\",\"@id\":\"https:\/\/agritechcenter.it\/#\/schema\/logo\/image\/\",\"url\":\"https:\/\/agritechcenter.it\/wp-content\/uploads\/2023\/11\/agritech_logo.png\",\"contentUrl\":\"https:\/\/agritechcenter.it\/wp-content\/uploads\/2023\/11\/agritech_logo.png\",\"width\":350,\"height\":214,\"caption\":\"Agritech Center\"},\"image\":{\"@id\":\"https:\/\/agritechcenter.it\/#\/schema\/logo\/image\/\"}}]}<\/script>\n<!-- \/ Yoast SEO plugin. -->","yoast_head_json":{"title":"Trasferimento Tecnologico - Agritech Center","robots":{"index":"index","follow":"follow","max-snippet":"max-snippet:-1","max-image-preview":"max-image-preview:large","max-video-preview":"max-video-preview:-1"},"canonical":"https:\/\/agritechcenter.it\/tecnhologic-transfer\/","og_locale":"it_IT","og_type":"article","og_title":"Trasferimento Tecnologico - Agritech Center","og_description":"Il Centro Nazionale Agritech \u00e8 stato specificamente progettato per promuovere l&#8217;innovazione e il trasferimento tecnologico; in questo contesto, la collaborazione e il sfruttamento della rete creata con le aziende private hanno un ruolo cruciale per avere un enorme impatto sull&#8217;intera catena di valore agricola. Il raggiungimento degli obiettivi di Agritech richieder\u00e0 finanziamenti adeguati per sostenere ... Leggi tutto","og_url":"https:\/\/agritechcenter.it\/tecnhologic-transfer\/","og_site_name":"Agritech Center","og_image":[{"url":"https:\/\/agritechcenter.it\/wp-content\/uploads\/2023\/02\/Risorsa-3HUB_agri_bis.png","type":"","width":"","height":""}],"twitter_card":"summary_large_image","twitter_misc":{"Tempo di lettura stimato":"1 minuto"},"schema":{"@context":"https:\/\/schema.org","@graph":[{"@type":"WebPage","@id":"https:\/\/agritechcenter.it\/tecnhologic-transfer\/","url":"https:\/\/agritechcenter.it\/tecnhologic-transfer\/","name":"Trasferimento Tecnologico - Agritech Center","isPartOf":{"@id":"https:\/\/agritechcenter.it\/#website"},"primaryImageOfPage":{"@id":"https:\/\/agritechcenter.it\/tecnhologic-transfer\/#primaryimage"},"image":{"@id":"https:\/\/agritechcenter.it\/tecnhologic-transfer\/#primaryimage"},"thumbnailUrl":"https:\/\/agritechcenter.it\/wp-content\/uploads\/2023\/02\/Risorsa-3HUB_agri_bis.png","datePublished":"2023-11-20T07:55:00+00:00","breadcrumb":{"@id":"https:\/\/agritechcenter.it\/tecnhologic-transfer\/#breadcrumb"},"inLanguage":"it-IT","potentialAction":[{"@type":"ReadAction","target":["https:\/\/agritechcenter.it\/tecnhologic-transfer\/"]}]},{"@type":"ImageObject","inLanguage":"it-IT","@id":"https:\/\/agritechcenter.it\/tecnhologic-transfer\/#primaryimage","url":"https:\/\/agritechcenter.it\/wp-content\/uploads\/2023\/02\/Risorsa-3HUB_agri_bis.png","contentUrl":"https:\/\/agritechcenter.it\/wp-content\/uploads\/2023\/02\/Risorsa-3HUB_agri_bis.png"},{"@type":"BreadcrumbList","@id":"https:\/\/agritechcenter.it\/tecnhologic-transfer\/#breadcrumb","itemListElement":[{"@type":"ListItem","position":1,"name":"Home","item":"https:\/\/agritechcenter.it\/it\/prova-card-newslayout\/"},{"@type":"ListItem","position":2,"name":"Trasferimento Tecnologico"}]},{"@type":"WebSite","@id":"https:\/\/agritechcenter.it\/#website","url":"https:\/\/agritechcenter.it\/","name":"Agritech Center","description":"","publisher":{"@id":"https:\/\/agritechcenter.it\/#organization"},"potentialAction":[{"@type":"SearchAction","target":{"@type":"EntryPoint","urlTemplate":"https:\/\/agritechcenter.it\/?s={search_term_string}"},"query-input":{"@type":"PropertyValueSpecification","valueRequired":true,"valueName":"search_term_string"}}],"inLanguage":"it-IT"},{"@type":"Organization","@id":"https:\/\/agritechcenter.it\/#organization","name":"Agritech Center","url":"https:\/\/agritechcenter.it\/","logo":{"@type":"ImageObject","inLanguage":"it-IT","@id":"https:\/\/agritechcenter.it\/#\/schema\/logo\/image\/","url":"https:\/\/agritechcenter.it\/wp-content\/uploads\/2023\/11\/agritech_logo.png","contentUrl":"https:\/\/agritechcenter.it\/wp-content\/uploads\/2023\/11\/agritech_logo.png","width":350,"height":214,"caption":"Agritech Center"},"image":{"@id":"https:\/\/agritechcenter.it\/#\/schema\/logo\/image\/"}}]}},"_links":{"self":[{"href":"https:\/\/agritechcenter.it\/it\/wp-json\/wp\/v2\/pages\/2583","targetHints":{"allow":["GET"]}}],"collection":[{"href":"https:\/\/agritechcenter.it\/it\/wp-json\/wp\/v2\/pages"}],"about":[{"href":"https:\/\/agritechcenter.it\/it\/wp-json\/wp\/v2\/types\/page"}],"author":[{"embeddable":true,"href":"https:\/\/agritechcenter.it\/it\/wp-json\/wp\/v2\/users\/4"}],"replies":[{"embeddable":true,"href":"https:\/\/agritechcenter.it\/it\/wp-json\/wp\/v2\/comments?post=2583"}],"version-history":[{"count":0,"href":"https:\/\/agritechcenter.it\/it\/wp-json\/wp\/v2\/pages\/2583\/revisions"}],"wp:attachment":[{"href":"https:\/\/agritechcenter.it\/it\/wp-json\/wp\/v2\/media?parent=2583"}],"curies":[{"name":"wp","href":"https:\/\/api.w.org\/{rel}","templated":true}]}}