{"id":2548,"date":"2023-11-20T08:54:38","date_gmt":"2023-11-20T07:54:38","guid":{"rendered":"https:\/\/staging.agritechcenter.it\/hub\/"},"modified":"2024-05-17T12:27:14","modified_gmt":"2024-05-17T10:27:14","slug":"hub","status":"publish","type":"page","link":"https:\/\/agritechcenter.it\/it\/hub\/","title":{"rendered":"Hub"},"content":{"rendered":"\t\t<div data-elementor-type=\"wp-page\" data-elementor-id=\"2548\" class=\"elementor elementor-2548 elementor-1873\" data-elementor-post-type=\"page\">\n\t\t\t\t<div class=\"elementor-element elementor-element-2838a824 e-flex e-con-boxed e-con e-parent\" data-id=\"2838a824\" data-element_type=\"container\" data-e-type=\"container\">\n\t\t\t\t\t<div class=\"e-con-inner\">\n\t\t\t\t<div class=\"elementor-element elementor-element-3ebfd3e8 elementor-widget elementor-widget-text-editor\" data-id=\"3ebfd3e8\" data-element_type=\"widget\" data-e-type=\"widget\" data-widget_type=\"text-editor.default\">\n\t\t\t\t<div class=\"elementor-widget-container\">\n\t\t\t\t\t\t\t\t\t<p>L&#8217;Hub sar\u00e0 principalmente l&#8217;ente di gestione dell&#8217;Agritech. Inoltre, l&#8217;Hub \u00e8 pensato anche per organizzare e fornire numerosi servizi e attivit\u00e0 trasversali:<br \/><strong>Obiettivi delle attivit\u00e0 dell&#8217;Hub<\/strong><\/p><ol><li>Garantire la corretta gestione complessiva del progetto al fine di rafforzare e supportare gli obiettivi, completando le tappe fondamentali in tempo e consegnando ciascuno dei risultati proposti<\/li><li>Gestire le attivit\u00e0 finanziarie e amministrative<\/li><li>Stabilire un\u2019infrastruttura di comunicazione efficace e favorire il processo di integrazione all\u2019interno del consorzio e con enti esterni<\/li><li>Istituire, gestire e supportare l&#8217;Agritech Academy<\/li><li>Coordinare e gestire le attivit\u00e0 di cross-spoke e trasferimento tecnologico<\/li><\/ol><p>Le attivit\u00e0 trasversali svolte dall\u2019Hub forniranno servizi trasversali per coordinare le attivit\u00e0 di ricerca svolte dagli Spokes e accelerare lo sviluppo tecnologico.<\/p><p><strong>Modello Organizzativo<br \/><\/strong> Al fine di svolgere le attivit\u00e0 di gestione e coordinamento richieste dal Programma di Ricerca, il Polo ha nominato un Direttore (che \u00e8 anche il Responsabile Principale della Ricerca del Programma), responsabile dell&#8217;attuazione delle attivit\u00e0 previste. Il Direttore \u00e8 supportato dalle unit\u00e0 operative dell&#8217;Hub, a ciascuna assegnate specifiche funzioni.\u00a0<\/p><p><strong>Agritech Academy<br \/><\/strong>Agritech Academy \u00e8 un luogo di didattica e trasferimento tecnologico gestito dall\u2019Hub come attivit\u00e0 trasversale. L&#8217;Accademia \u00e8 finanziata dall&#8217;Hub, ha sede ufficiale presso la sede centrale dell&#8217;hub e sar\u00e0 gestita dall&#8217;infrastruttura di gestione del programma. Le attivit\u00e0 didattiche, di trasferimento tecnologico e sul campo verranno svolte presso la sede dell&#8217;Hub nonch\u00e9 presso la sede dello raggio o in altre sedi indicate dallo raggio per la formazione su attivit\u00e0 specifiche.<\/p>\t\t\t\t\t\t\t\t<\/div>\n\t\t\t\t<\/div>\n\t\t\t\t\t<\/div>\n\t\t\t\t<\/div>\n\t\t<div class=\"elementor-element elementor-element-7541746 e-flex e-con-boxed e-con e-parent\" data-id=\"7541746\" data-element_type=\"container\" data-e-type=\"container\" data-settings=\"{&quot;background_background&quot;:&quot;classic&quot;}\">\n\t\t\t\t\t<div class=\"e-con-inner\">\n\t\t\t\t<div class=\"elementor-element elementor-element-128dd99 elementor-widget elementor-widget-heading\" data-id=\"128dd99\" data-element_type=\"widget\" data-e-type=\"widget\" data-widget_type=\"heading.default\">\n\t\t\t\t<div class=\"elementor-widget-container\">\n\t\t\t\t\t<h3 class=\"elementor-heading-title elementor-size-default\">Management<\/h3>\t\t\t\t<\/div>\n\t\t\t\t<\/div>\n\t\t\t\t<div class=\"elementor-element elementor-element-a1d1fcd elementor-widget elementor-widget-text-editor\" data-id=\"a1d1fcd\" data-element_type=\"widget\" data-e-type=\"widget\" data-widget_type=\"text-editor.default\">\n\t\t\t\t<div class=\"elementor-widget-container\">\n\t\t\t\t\t\t\t\t\t<p>Monitoraggio dello sviluppo del progetto, presentazione di relazioni scientifiche e amministrative<\/p>\n\t\t\t\t\t\t\t\t<\/div>\n\t\t\t\t<\/div>\n\t\t\t\t<div class=\"elementor-element elementor-element-4b4ced6 elementor-widget elementor-widget-heading\" data-id=\"4b4ced6\" data-element_type=\"widget\" data-e-type=\"widget\" data-widget_type=\"heading.default\">\n\t\t\t\t<div class=\"elementor-widget-container\">\n\t\t\t\t\t<h3 class=\"elementor-heading-title elementor-size-default\">Training<\/h3>\t\t\t\t<\/div>\n\t\t\t\t<\/div>\n\t\t\t\t<div class=\"elementor-element elementor-element-9e6ce5e elementor-widget elementor-widget-text-editor\" data-id=\"9e6ce5e\" data-element_type=\"widget\" data-e-type=\"widget\" data-widget_type=\"text-editor.default\">\n\t\t\t\t<div class=\"elementor-widget-container\">\n\t\t\t\t\t\t\t\t\t<p>Creazione e gestione dell&#8217;Agritech Academy<\/p>\n\t\t\t\t\t\t\t\t<\/div>\n\t\t\t\t<\/div>\n\t\t\t\t<div class=\"elementor-element elementor-element-be9064c elementor-widget elementor-widget-heading\" data-id=\"be9064c\" data-element_type=\"widget\" data-e-type=\"widget\" data-widget_type=\"heading.default\">\n\t\t\t\t<div class=\"elementor-widget-container\">\n\t\t\t\t\t<h3 class=\"elementor-heading-title elementor-size-default\">Trasferimento tecnologico\n<\/h3>\t\t\t\t<\/div>\n\t\t\t\t<\/div>\n\t\t\t\t<div class=\"elementor-element elementor-element-f8fe97a elementor-widget elementor-widget-text-editor\" data-id=\"f8fe97a\" data-element_type=\"widget\" data-e-type=\"widget\" data-widget_type=\"text-editor.default\">\n\t\t\t\t<div class=\"elementor-widget-container\">\n\t\t\t\t\t\t\t\t\t<p>Organizzazione e gestione di iniziative di trasferimento tecnologico<\/p>\n\t\t\t\t\t\t\t\t<\/div>\n\t\t\t\t<\/div>\n\t\t\t\t\t<\/div>\n\t\t\t\t<\/div>\n\t\t<div class=\"elementor-element elementor-element-a20c76c e-flex e-con-boxed e-con e-parent\" data-id=\"a20c76c\" data-element_type=\"container\" data-e-type=\"container\">\n\t\t\t\t\t<div class=\"e-con-inner\">\n\t\t\t\t<div class=\"elementor-element elementor-element-77b6b67 elementor-widget elementor-widget-image\" data-id=\"77b6b67\" data-element_type=\"widget\" data-e-type=\"widget\" data-widget_type=\"image.default\">\n\t\t\t\t<div class=\"elementor-widget-container\">\n\t\t\t\t\t\t\t\t\t\t\t\t\t\t\t<img fetchpriority=\"high\" decoding=\"async\" width=\"1671\" height=\"879\" src=\"https:\/\/agritechcenter.it\/wp-content\/uploads\/2023\/11\/hub01.jpg\" class=\"attachment-full size-full wp-image-2417\" alt=\"\" srcset=\"https:\/\/agritechcenter.it\/wp-content\/uploads\/2023\/11\/hub01.jpg 1671w, https:\/\/agritechcenter.it\/wp-content\/uploads\/2023\/11\/hub01-300x158.jpg 300w, https:\/\/agritechcenter.it\/wp-content\/uploads\/2023\/11\/hub01-1024x539.jpg 1024w, https:\/\/agritechcenter.it\/wp-content\/uploads\/2023\/11\/hub01-768x404.jpg 768w, https:\/\/agritechcenter.it\/wp-content\/uploads\/2023\/11\/hub01-1536x808.jpg 1536w\" sizes=\"(max-width: 1671px) 100vw, 1671px\" \/>\t\t\t\t\t\t\t\t\t\t\t\t\t\t\t<\/div>\n\t\t\t\t<\/div>\n\t\t\t\t<div class=\"elementor-element elementor-element-4b88e60 elementor-widget elementor-widget-image\" data-id=\"4b88e60\" data-element_type=\"widget\" data-e-type=\"widget\" data-widget_type=\"image.default\">\n\t\t\t\t<div class=\"elementor-widget-container\">\n\t\t\t\t\t\t\t\t\t\t\t\t\t\t\t<img decoding=\"async\" width=\"1671\" height=\"879\" src=\"https:\/\/agritechcenter.it\/wp-content\/uploads\/2023\/11\/hub02.jpg\" class=\"attachment-full size-full wp-image-2418\" alt=\"\" srcset=\"https:\/\/agritechcenter.it\/wp-content\/uploads\/2023\/11\/hub02.jpg 1671w, https:\/\/agritechcenter.it\/wp-content\/uploads\/2023\/11\/hub02-300x158.jpg 300w, https:\/\/agritechcenter.it\/wp-content\/uploads\/2023\/11\/hub02-1024x539.jpg 1024w, https:\/\/agritechcenter.it\/wp-content\/uploads\/2023\/11\/hub02-768x404.jpg 768w, https:\/\/agritechcenter.it\/wp-content\/uploads\/2023\/11\/hub02-1536x808.jpg 1536w\" sizes=\"(max-width: 1671px) 100vw, 1671px\" \/>\t\t\t\t\t\t\t\t\t\t\t\t\t\t\t<\/div>\n\t\t\t\t<\/div>\n\t\t\t\t\t<\/div>\n\t\t\t\t<\/div>\n\t\t\t\t<\/div>\n\t\t","protected":false},"excerpt":{"rendered":"<p>L&#8217;Hub sar\u00e0 principalmente l&#8217;ente di gestione dell&#8217;Agritech. Inoltre, l&#8217;Hub \u00e8 pensato anche per organizzare e fornire numerosi servizi e attivit\u00e0 trasversali:Obiettivi delle attivit\u00e0 dell&#8217;Hub Garantire la corretta gestione complessiva del progetto al fine di rafforzare e supportare gli obiettivi, completando le tappe fondamentali in tempo e consegnando ciascuno dei risultati proposti Gestire le attivit\u00e0 finanziarie &#8230; <a title=\"Hub\" class=\"read-more\" href=\"https:\/\/agritechcenter.it\/it\/hub\/\" aria-label=\"Per saperne di pi\u00f9 su Hub\">Leggi tutto<\/a><\/p>\n","protected":false},"author":4,"featured_media":0,"parent":0,"menu_order":0,"comment_status":"closed","ping_status":"closed","template":"","meta":{"_acf_changed":false,"footnotes":""},"class_list":["post-2548","page","type-page","status-publish"],"acf":[],"yoast_head":"<!-- This site is optimized with the Yoast SEO plugin v27.4 - https:\/\/yoast.com\/product\/yoast-seo-wordpress\/ -->\n<title>Hub - Agritech Center<\/title>\n<meta name=\"robots\" content=\"index, follow, max-snippet:-1, max-image-preview:large, max-video-preview:-1\" \/>\n<link rel=\"canonical\" href=\"https:\/\/agritechcenter.it\/hub\/\" \/>\n<meta property=\"og:locale\" content=\"it_IT\" \/>\n<meta property=\"og:type\" content=\"article\" \/>\n<meta property=\"og:title\" content=\"Hub - Agritech Center\" \/>\n<meta property=\"og:description\" content=\"L&#8217;Hub sar\u00e0 principalmente l&#8217;ente di gestione dell&#8217;Agritech. Inoltre, l&#8217;Hub \u00e8 pensato anche per organizzare e fornire numerosi servizi e attivit\u00e0 trasversali:Obiettivi delle attivit\u00e0 dell&#8217;Hub Garantire la corretta gestione complessiva del progetto al fine di rafforzare e supportare gli obiettivi, completando le tappe fondamentali in tempo e consegnando ciascuno dei risultati proposti Gestire le attivit\u00e0 finanziarie ... Leggi tutto\" \/>\n<meta property=\"og:url\" content=\"https:\/\/agritechcenter.it\/hub\/\" \/>\n<meta property=\"og:site_name\" content=\"Agritech Center\" \/>\n<meta property=\"article:modified_time\" content=\"2024-05-17T10:27:14+00:00\" \/>\n<meta property=\"og:image\" content=\"https:\/\/agritechcenter.it\/wp-content\/uploads\/2023\/11\/hub01.jpg\" \/>\n<meta name=\"twitter:card\" content=\"summary_large_image\" \/>\n<meta name=\"twitter:label1\" content=\"Tempo di lettura stimato\" \/>\n\t<meta name=\"twitter:data1\" content=\"2 minuti\" \/>\n<script type=\"application\/ld+json\" class=\"yoast-schema-graph\">{\"@context\":\"https:\\\/\\\/schema.org\",\"@graph\":[{\"@type\":\"WebPage\",\"@id\":\"https:\\\/\\\/agritechcenter.it\\\/hub\\\/\",\"url\":\"https:\\\/\\\/agritechcenter.it\\\/hub\\\/\",\"name\":\"Hub - Agritech Center\",\"isPartOf\":{\"@id\":\"https:\\\/\\\/agritechcenter.it\\\/#website\"},\"primaryImageOfPage\":{\"@id\":\"https:\\\/\\\/agritechcenter.it\\\/hub\\\/#primaryimage\"},\"image\":{\"@id\":\"https:\\\/\\\/agritechcenter.it\\\/hub\\\/#primaryimage\"},\"thumbnailUrl\":\"https:\\\/\\\/agritechcenter.it\\\/wp-content\\\/uploads\\\/2023\\\/11\\\/hub01.jpg\",\"datePublished\":\"2023-11-20T07:54:38+00:00\",\"dateModified\":\"2024-05-17T10:27:14+00:00\",\"breadcrumb\":{\"@id\":\"https:\\\/\\\/agritechcenter.it\\\/hub\\\/#breadcrumb\"},\"inLanguage\":\"it-IT\",\"potentialAction\":[{\"@type\":\"ReadAction\",\"target\":[\"https:\\\/\\\/agritechcenter.it\\\/hub\\\/\"]}]},{\"@type\":\"ImageObject\",\"inLanguage\":\"it-IT\",\"@id\":\"https:\\\/\\\/agritechcenter.it\\\/hub\\\/#primaryimage\",\"url\":\"https:\\\/\\\/agritechcenter.it\\\/wp-content\\\/uploads\\\/2023\\\/11\\\/hub01.jpg\",\"contentUrl\":\"https:\\\/\\\/agritechcenter.it\\\/wp-content\\\/uploads\\\/2023\\\/11\\\/hub01.jpg\"},{\"@type\":\"BreadcrumbList\",\"@id\":\"https:\\\/\\\/agritechcenter.it\\\/hub\\\/#breadcrumb\",\"itemListElement\":[{\"@type\":\"ListItem\",\"position\":1,\"name\":\"Home\",\"item\":\"https:\\\/\\\/agritechcenter.it\\\/it\\\/prova-card-newslayout\\\/\"},{\"@type\":\"ListItem\",\"position\":2,\"name\":\"Hub\"}]},{\"@type\":\"WebSite\",\"@id\":\"https:\\\/\\\/agritechcenter.it\\\/#website\",\"url\":\"https:\\\/\\\/agritechcenter.it\\\/\",\"name\":\"Agritech Center\",\"description\":\"\",\"publisher\":{\"@id\":\"https:\\\/\\\/agritechcenter.it\\\/#organization\"},\"potentialAction\":[{\"@type\":\"SearchAction\",\"target\":{\"@type\":\"EntryPoint\",\"urlTemplate\":\"https:\\\/\\\/agritechcenter.it\\\/?s={search_term_string}\"},\"query-input\":{\"@type\":\"PropertyValueSpecification\",\"valueRequired\":true,\"valueName\":\"search_term_string\"}}],\"inLanguage\":\"it-IT\"},{\"@type\":\"Organization\",\"@id\":\"https:\\\/\\\/agritechcenter.it\\\/#organization\",\"name\":\"Agritech Center\",\"url\":\"https:\\\/\\\/agritechcenter.it\\\/\",\"logo\":{\"@type\":\"ImageObject\",\"inLanguage\":\"it-IT\",\"@id\":\"https:\\\/\\\/agritechcenter.it\\\/#\\\/schema\\\/logo\\\/image\\\/\",\"url\":\"https:\\\/\\\/agritechcenter.it\\\/wp-content\\\/uploads\\\/2023\\\/11\\\/agritech_logo.png\",\"contentUrl\":\"https:\\\/\\\/agritechcenter.it\\\/wp-content\\\/uploads\\\/2023\\\/11\\\/agritech_logo.png\",\"width\":350,\"height\":214,\"caption\":\"Agritech Center\"},\"image\":{\"@id\":\"https:\\\/\\\/agritechcenter.it\\\/#\\\/schema\\\/logo\\\/image\\\/\"}}]}<\/script>\n<!-- \/ Yoast SEO plugin. -->","yoast_head_json":{"title":"Hub - Agritech Center","robots":{"index":"index","follow":"follow","max-snippet":"max-snippet:-1","max-image-preview":"max-image-preview:large","max-video-preview":"max-video-preview:-1"},"canonical":"https:\/\/agritechcenter.it\/hub\/","og_locale":"it_IT","og_type":"article","og_title":"Hub - Agritech Center","og_description":"L&#8217;Hub sar\u00e0 principalmente l&#8217;ente di gestione dell&#8217;Agritech. Inoltre, l&#8217;Hub \u00e8 pensato anche per organizzare e fornire numerosi servizi e attivit\u00e0 trasversali:Obiettivi delle attivit\u00e0 dell&#8217;Hub Garantire la corretta gestione complessiva del progetto al fine di rafforzare e supportare gli obiettivi, completando le tappe fondamentali in tempo e consegnando ciascuno dei risultati proposti Gestire le attivit\u00e0 finanziarie ... Leggi tutto","og_url":"https:\/\/agritechcenter.it\/hub\/","og_site_name":"Agritech Center","article_modified_time":"2024-05-17T10:27:14+00:00","og_image":[{"url":"https:\/\/agritechcenter.it\/wp-content\/uploads\/2023\/11\/hub01.jpg","type":"","width":"","height":""}],"twitter_card":"summary_large_image","twitter_misc":{"Tempo di lettura stimato":"2 minuti"},"schema":{"@context":"https:\/\/schema.org","@graph":[{"@type":"WebPage","@id":"https:\/\/agritechcenter.it\/hub\/","url":"https:\/\/agritechcenter.it\/hub\/","name":"Hub - Agritech Center","isPartOf":{"@id":"https:\/\/agritechcenter.it\/#website"},"primaryImageOfPage":{"@id":"https:\/\/agritechcenter.it\/hub\/#primaryimage"},"image":{"@id":"https:\/\/agritechcenter.it\/hub\/#primaryimage"},"thumbnailUrl":"https:\/\/agritechcenter.it\/wp-content\/uploads\/2023\/11\/hub01.jpg","datePublished":"2023-11-20T07:54:38+00:00","dateModified":"2024-05-17T10:27:14+00:00","breadcrumb":{"@id":"https:\/\/agritechcenter.it\/hub\/#breadcrumb"},"inLanguage":"it-IT","potentialAction":[{"@type":"ReadAction","target":["https:\/\/agritechcenter.it\/hub\/"]}]},{"@type":"ImageObject","inLanguage":"it-IT","@id":"https:\/\/agritechcenter.it\/hub\/#primaryimage","url":"https:\/\/agritechcenter.it\/wp-content\/uploads\/2023\/11\/hub01.jpg","contentUrl":"https:\/\/agritechcenter.it\/wp-content\/uploads\/2023\/11\/hub01.jpg"},{"@type":"BreadcrumbList","@id":"https:\/\/agritechcenter.it\/hub\/#breadcrumb","itemListElement":[{"@type":"ListItem","position":1,"name":"Home","item":"https:\/\/agritechcenter.it\/it\/prova-card-newslayout\/"},{"@type":"ListItem","position":2,"name":"Hub"}]},{"@type":"WebSite","@id":"https:\/\/agritechcenter.it\/#website","url":"https:\/\/agritechcenter.it\/","name":"Agritech Center","description":"","publisher":{"@id":"https:\/\/agritechcenter.it\/#organization"},"potentialAction":[{"@type":"SearchAction","target":{"@type":"EntryPoint","urlTemplate":"https:\/\/agritechcenter.it\/?s={search_term_string}"},"query-input":{"@type":"PropertyValueSpecification","valueRequired":true,"valueName":"search_term_string"}}],"inLanguage":"it-IT"},{"@type":"Organization","@id":"https:\/\/agritechcenter.it\/#organization","name":"Agritech Center","url":"https:\/\/agritechcenter.it\/","logo":{"@type":"ImageObject","inLanguage":"it-IT","@id":"https:\/\/agritechcenter.it\/#\/schema\/logo\/image\/","url":"https:\/\/agritechcenter.it\/wp-content\/uploads\/2023\/11\/agritech_logo.png","contentUrl":"https:\/\/agritechcenter.it\/wp-content\/uploads\/2023\/11\/agritech_logo.png","width":350,"height":214,"caption":"Agritech Center"},"image":{"@id":"https:\/\/agritechcenter.it\/#\/schema\/logo\/image\/"}}]}},"_links":{"self":[{"href":"https:\/\/agritechcenter.it\/it\/wp-json\/wp\/v2\/pages\/2548","targetHints":{"allow":["GET"]}}],"collection":[{"href":"https:\/\/agritechcenter.it\/it\/wp-json\/wp\/v2\/pages"}],"about":[{"href":"https:\/\/agritechcenter.it\/it\/wp-json\/wp\/v2\/types\/page"}],"author":[{"embeddable":true,"href":"https:\/\/agritechcenter.it\/it\/wp-json\/wp\/v2\/users\/4"}],"replies":[{"embeddable":true,"href":"https:\/\/agritechcenter.it\/it\/wp-json\/wp\/v2\/comments?post=2548"}],"version-history":[{"count":12,"href":"https:\/\/agritechcenter.it\/it\/wp-json\/wp\/v2\/pages\/2548\/revisions"}],"predecessor-version":[{"id":4103,"href":"https:\/\/agritechcenter.it\/it\/wp-json\/wp\/v2\/pages\/2548\/revisions\/4103"}],"wp:attachment":[{"href":"https:\/\/agritechcenter.it\/it\/wp-json\/wp\/v2\/media?parent=2548"}],"curies":[{"name":"wp","href":"https:\/\/api.w.org\/{rel}","templated":true}]}}